{"id":950,"date":"2017-05-14T13:34:22","date_gmt":"2017-05-14T13:34:22","guid":{"rendered":"http:\/\/www2.mariengarten.it\/zisterzienserinnen-kloster\/?page_id=950"},"modified":"2025-04-29T09:28:25","modified_gmt":"2025-04-29T09:28:25","slug":"freundeskreis","status":"publish","type":"page","link":"https:\/\/www.mariengarten.it\/zisterzienserinnen-kloster\/themen\/freundeskreis\/","title":{"rendered":"Freundeskreis"},"content":{"rendered":"<p><div class=\"kc-elm kc-css-223959 kc-row-container module\"><div class=\"wc-row row\"><div class=\"kc-wrap-columns\"><div class=\"kc-elm kc-css-275165 small-12 columns small-12\"><div class=\"kc-col-container\"><div class=\"kc-elm kc-css-696164 kc_shortcode kc_single_image\">\n\n        <img decoding=\"async\" src=\"https:\/\/www.mariengarten.it\/zisterzienserinnen-kloster\/wp-content\/uploads\/2018\/05\/Freundeskreis-Mariengarten-5.jpg\" class=\"\" alt=\"\" \/>    <\/div>\n<\/div><\/div><div class=\"kc-elm kc-css-83724 small-12 columns small-12\"><div class=\"kc-col-container\"><div class=\"kc-elm kc-css-332253 kc_text_block\"><\/p>\n<p>\nEr verfolgt den Zweck, das Kloster ideell und finanziell zu unterst\u00fctzen. In treuer Verbundenheit zu unserem Haus, bejahen die Mitglieder unser Leben, unsere Arbeit, unser Engagement und sind ein Bindeglied zwischen dem Konvent und der Gesellschaft.<\/p>\n<p>Die Mitglieder sch\u00e4tzen die geistige und kulturelle Bedeutung des Klosters und sind eine gro\u00dfe St\u00fctze bei anstehenden Projekten.<\/p>\n<p>\n<\/div><\/div><\/div><\/div><\/div><\/div><div class=\"kc-elm kc-css-78669 kc-row-container module\"><div class=\"wc-row row\"><div class=\"kc-wrap-columns\"><div class=\"kc-elm kc-css-104888 small-12 columns small-12\"><div class=\"kc-col-container\"><div class=\"kc-elm kc-css-850339 kc_shortcode kc_single_image\">\n\n        <img decoding=\"async\" src=\"https:\/\/www.mariengarten.it\/zisterzienserinnen-kloster\/wp-content\/uploads\/2018\/05\/18-Kloster-S\u00fcdtirol-Marienagen-7.jpg\" class=\"\" alt=\"\" \/>    <\/div>\n<\/div><\/div><div class=\"kc-elm kc-css-699537 small-12 columns small-12\"><div class=\"kc-col-container\"><div class=\"kc-elm kc-css-725006 kc_text_block\"><\/p>\n<p>\nIm J\u00e4nner findet jeweils die Jahresvollversammlung statt. Der Tag beginnt mit einem besinnlichen oder informativen Vormittag: Vortrag, Zeit der Stille, gem\u00fctlicher Austausch, Gebet der Mittagshore mit den Schwestern, Mittagessen. Am Nachmittag kommen die Mitglieder zur offiziellen Vollversammlung zusammen.<\/p>\n<p>Ein gemeinsamer Ausflug im Fr\u00fchjahr st\u00e4rkt die Verbindung der Mitglieder des Freundeskreises untereinander und mit den Schwestern.<\/p>\n<p>\n<\/div><\/div><\/div><\/div><\/div><\/div><div class=\"kc-elm kc-css-544874 kc-row-container module\"><div class=\"wc-row row\"><div class=\"kc-wrap-columns\"><div class=\"kc-elm kc-css-930068 small-12 columns small-12\"><div class=\"kc-col-container\"><div class=\"kc-elm kc-css-925499 kc_shortcode kc_single_image\">\n\n        <img decoding=\"async\" src=\"https:\/\/www.mariengarten.it\/zisterzienserinnen-kloster\/wp-content\/uploads\/2018\/05\/Freundeskreis-Mariengarten-1.jpg\" class=\"\" alt=\"\" \/>    <\/div>\n<\/div><\/div><div class=\"kc-elm kc-css-445565 small-12 columns small-12\"><div class=\"kc-col-container\"><div class=\"kc-elm kc-css-439072 kc_text_block\"><\/p>\n<p>\nWir Schwestern zeigen unsere Dankbarkeit mit unserem Gebet und dadurch, dass wir einmal im Monat eine hl. Messe f\u00fcr unsere Freunde und Wohlt\u00e4ter feiern.Wir w\u00fcrden uns freuen, wenn auch Sie Mitglied unseres Freundeskreises werden.<\/p>\n<p>\n<\/div><\/div><\/div><\/div><\/div><\/div><div class=\"kc-elm kc-css-304426 kc-row-container module\"><div class=\"wc-row row\"><div class=\"kc-wrap-columns\"><div class=\"kc-elm kc-css-146119 small-12 columns small-12\"><div class=\"kc-col-container\"><div class=\"kc-elm kc-css-88540 kc_shortcode kc_single_image\">\n\n        <img decoding=\"async\" src=\"https:\/\/www.mariengarten.it\/zisterzienserinnen-kloster\/wp-content\/uploads\/2018\/05\/Freundeskreis-Mariengarten-11.jpg\" class=\"\" alt=\"\" \/>    <\/div>\n<\/div><\/div><div class=\"kc-elm kc-css-38497 small-12 columns small-12\"><div class=\"kc-col-container\"><div class=\"kc-elm kc-css-131465 kc_text_block\"><\/p>\n<p style=\"padding-left: 60px;\"><a href=\"https:\/\/www.mariengarten.it\/zisterzienserinnen-kloster\/wp-content\/uploads\/2025\/04\/Beitrittserklaerung-1.pdf\"><strong>Beitrittserkl\u00e4rung<\/strong><\/a><\/p>\n<p>\n<\/div><\/div><\/div><\/div><\/div><\/div><\/p>\n","protected":false},"excerpt":{"rendered":"","protected":false},"author":2,"featured_media":0,"parent":156,"menu_order":0,"comment_status":"closed","ping_status":"closed","template":"","meta":{"footnotes":""},"class_list":["post-950","page","type-page","status-publish","hentry"],"_links":{"self":[{"href":"https:\/\/www.mariengarten.it\/zisterzienserinnen-kloster\/wp-json\/wp\/v2\/pages\/950","targetHints":{"allow":["GET"]}}],"collection":[{"href":"https:\/\/www.mariengarten.it\/zisterzienserinnen-kloster\/wp-json\/wp\/v2\/pages"}],"about":[{"href":"https:\/\/www.mariengarten.it\/zisterzienserinnen-kloster\/wp-json\/wp\/v2\/types\/page"}],"author":[{"embeddable":true,"href":"https:\/\/www.mariengarten.it\/zisterzienserinnen-kloster\/wp-json\/wp\/v2\/users\/2"}],"replies":[{"embeddable":true,"href":"https:\/\/www.mariengarten.it\/zisterzienserinnen-kloster\/wp-json\/wp\/v2\/comments?post=950"}],"version-history":[{"count":15,"href":"https:\/\/www.mariengarten.it\/zisterzienserinnen-kloster\/wp-json\/wp\/v2\/pages\/950\/revisions"}],"predecessor-version":[{"id":4608,"href":"https:\/\/www.mariengarten.it\/zisterzienserinnen-kloster\/wp-json\/wp\/v2\/pages\/950\/revisions\/4608"}],"up":[{"embeddable":true,"href":"https:\/\/www.mariengarten.it\/zisterzienserinnen-kloster\/wp-json\/wp\/v2\/pages\/156"}],"wp:attachment":[{"href":"https:\/\/www.mariengarten.it\/zisterzienserinnen-kloster\/wp-json\/wp\/v2\/media?parent=950"}],"curies":[{"name":"wp","href":"https:\/\/api.w.org\/{rel}","templated":true}]}}