{"id":700,"date":"2017-04-22T11:41:41","date_gmt":"2017-04-22T11:41:41","guid":{"rendered":"http:\/\/www2.mariengarten.it\/zisterzienserinnen-kloster\/?page_id=700"},"modified":"2019-04-24T10:55:17","modified_gmt":"2019-04-24T10:55:17","slug":"arbeit","status":"publish","type":"page","link":"https:\/\/www.mariengarten.it\/zisterzienserinnen-kloster\/themen\/arbeit\/","title":{"rendered":"Arbeit"},"content":{"rendered":"<p><div class=\"kc-elm kc-css-740590 kc-row-container module\"><div class=\"wc-row row\"><div class=\"kc-wrap-columns\"><div class=\"kc-elm kc-css-312818 small-12 columns small-12\"><div class=\"kc-col-container\"><div class=\"kc-elm kc-css-246856 kc_shortcode kc_single_image\">\n\n        <a rel=\"prettyPhoto\" class=\"kc-pretty-photo\" href=\"https:\/\/www.mariengarten.it\/zisterzienserinnen-kloster\/wp-content\/uploads\/2018\/04\/0-P1210304.jpg\" title=\"\" target=\"\">\n        <img decoding=\"async\" src=\"https:\/\/www.mariengarten.it\/zisterzienserinnen-kloster\/wp-content\/uploads\/2018\/04\/0-P1210304.jpg\" class=\"\" alt=\"\" \/>    <\/a>\n    <\/div>\n<\/div><\/div><div class=\"kc-elm kc-css-643953 small-12 columns small-12\"><div class=\"kc-col-container\"><div class=\"kc-elm kc-css-864687 kc_text_block\"><\/p>\n<p><strong>wir arbeiten<\/strong><\/p>\n<ul>\n<li>weil wir unsere F\u00e4higkeiten zum Wohle der Anderen einsetzen wollen<\/li>\n<li>um unseren Unterhalt zu bestreiten<\/li>\n<li>aus Solidarit\u00e4t mit allen Menschen, die schwer arbeiten m\u00fcssen<\/li>\n<li>um Notleidenden und Armen zu helfen<\/li>\n<li>damit wir Geld haben, um unsere Geb\u00e4ude zu sanieren und zu erhalten.<\/li>\n<li><\/li>\n<\/ul>\n<p>\n<\/div><\/div><\/div><\/div><\/div><\/div><div class=\"kc-elm kc-css-324373 kc-row-container module\"><div class=\"wc-row row\"><div class=\"kc-wrap-columns\"><div class=\"kc-elm kc-css-556465 small-12 columns small-12\"><div class=\"kc-col-container\"><div class=\"kc-elm kc-css-3763 kc_shortcode kc_single_image\">\n\n        <img decoding=\"async\" src=\"https:\/\/www.mariengarten.it\/zisterzienserinnen-kloster\/wp-content\/uploads\/2018\/04\/0-P1210303-2.jpg\" class=\"\" alt=\"\" \/>    <\/div>\n<\/div><\/div><div class=\"kc-elm kc-css-441068 small-12 columns small-12\"><div class=\"kc-col-container\"><div class=\"kc-elm kc-css-579928 kc_text_block\"><\/p>\n<p><strong>Schule, Internat<\/strong><br \/>\nWir unterrichten die Sch\u00fclerinnen und Sch\u00fcler, die uns die Eltern anvertrauen und begleiten sie beim Lernen und in der Freizeit.<\/p>\n<p>\n<\/div><\/div><\/div><\/div><\/div><\/div><div class=\"kc-elm kc-css-735003 kc-row-container module\"><div class=\"wc-row row\"><div class=\"kc-wrap-columns\"><div class=\"kc-elm kc-css-822357 small-12 columns small-12\"><div class=\"kc-col-container\"><div class=\"kc-elm kc-css-45920 kc_shortcode kc_single_image\">\n\n        <img decoding=\"async\" src=\"https:\/\/www.mariengarten.it\/zisterzienserinnen-kloster\/wp-content\/uploads\/2019\/04\/P1290114.jpg\" class=\"\" alt=\"\" \/>    <\/div>\n<\/div><\/div><div class=\"kc-elm kc-css-945633 small-12 columns small-12\"><div class=\"kc-col-container\"><div class=\"kc-elm kc-css-56853 kc_text_block\"><\/p>\n<p><strong>Garten<\/strong><br \/>\nUnser biologisch angebautes Gem\u00fcse und das Obst sch\u00e4tzen auch unsere Sch\u00fclerInnen. Entsprechend dem Namen unseres Klosters Mariengarten, finden sich in unserem Garten und Park Blumen aller Art zu unserer Freude und als Schmuck unserer Kirche.<br \/>\nViel Arbeit gibt es auch im B\u00fcro, in der Verwaltung, der Korrespondenz, im Gespr\u00e4ch am Telefon.<br \/>\nNat\u00fcrlich sind auch im Kloster Haushaltsarbeiten selbstverst\u00e4ndlich: z.B. in der K\u00fcche, beim Putzen, in der W\u00e4scherei, bei der Pflege der \u00e4lteren Schwestern<\/p>\n<p>\n<\/div><\/div><\/div><\/div><\/div><\/div><div class=\"kc-elm kc-css-917649 kc-row-container module\"><div class=\"wc-row row\"><div class=\"kc-wrap-columns\"><div class=\"kc-elm kc-css-342093 small-12 columns small-12\"><div class=\"kc-col-container\"><div class=\"kc-elm kc-css-100574 kc_shortcode kc_single_image\">\n\n        <img decoding=\"async\" src=\"https:\/\/www.mariengarten.it\/zisterzienserinnen-kloster\/wp-content\/uploads\/2018\/04\/0-P1210302.jpg\" class=\"\" alt=\"\" \/>    <\/div>\n<\/div><\/div><div class=\"kc-elm kc-css-445420 small-12 columns small-12\"><div class=\"kc-col-container\"><div class=\"kc-elm kc-css-713742 kc_text_block\"><\/p>\n<p>Zwischendurch gibt es immer wieder Zeiten der Erholung:<br \/>\nbei der t\u00e4glichen Rekreation (= Erholungszeit):<br \/>\nbei einem (Karten-)Spiel,<br \/>\nbei einem Spaziergang im Park,<br \/>\nbeim Musizieren, bei Handarbeiten oder beim Plaudern und Lachen in der gem\u00fctlichen Stube.<br \/>\nJede Schwester hat ihren Platz, ihre Verantwortung und die M\u00f6glichkeit, ihre Talente einzubringen und zu entfalten<\/p>\n<p>\n<\/div><\/div><\/div><\/div><\/div><\/div><div class=\"kc-elm kc-css-473829 kc-row-container module\"><div class=\"wc-row row\"><div class=\"kc-wrap-columns\"><div class=\"kc-elm kc-css-938683 small-12 columns small-12\"><div class=\"kc-col-container\"><div class=\"kc-elm kc-css-647210 kc_shortcode kc_single_image\">\n\n        <img decoding=\"async\" src=\"https:\/\/www.mariengarten.it\/zisterzienserinnen-kloster\/wp-content\/uploads\/2018\/05\/0-18-Kloster-S\u00fcdtirol-Marienagen-Sr.-Ancilla-2.jpg\" class=\"\" alt=\"\" \/>    <\/div>\n<\/div><\/div><div class=\"kc-elm kc-css-772644 small-12 columns small-12\"><div class=\"kc-col-container\"><div class=\"kc-elm kc-css-68548 kc_text_block\"><\/p>\n<p><em><strong>G\u00fctiger Gott und Vater, du hast die Menschen zu gemeinsamer Arbeit berufen, damit sie einander erg\u00e4nzen und jeder die F\u00e4higkeiten entfaltet, die du ihm gegeben hast, zum Wohle aller. Gib, dass wir unser Werk als deine Kinder verrichten, beseelt von deinem Geist und von der Liebe zu allen Menschen. Darum bitten wir durch Jesus Christus, unseren Herrn.<\/strong><\/em><\/p>\n<p>\n<\/div><\/div><\/div><\/div><\/div><\/div><\/p>\n","protected":false},"excerpt":{"rendered":"","protected":false},"author":2,"featured_media":0,"parent":156,"menu_order":0,"comment_status":"closed","ping_status":"closed","template":"","meta":{"footnotes":""},"class_list":["post-700","page","type-page","status-publish","hentry"],"_links":{"self":[{"href":"https:\/\/www.mariengarten.it\/zisterzienserinnen-kloster\/wp-json\/wp\/v2\/pages\/700","targetHints":{"allow":["GET"]}}],"collection":[{"href":"https:\/\/www.mariengarten.it\/zisterzienserinnen-kloster\/wp-json\/wp\/v2\/pages"}],"about":[{"href":"https:\/\/www.mariengarten.it\/zisterzienserinnen-kloster\/wp-json\/wp\/v2\/types\/page"}],"author":[{"embeddable":true,"href":"https:\/\/www.mariengarten.it\/zisterzienserinnen-kloster\/wp-json\/wp\/v2\/users\/2"}],"replies":[{"embeddable":true,"href":"https:\/\/www.mariengarten.it\/zisterzienserinnen-kloster\/wp-json\/wp\/v2\/comments?post=700"}],"version-history":[{"count":31,"href":"https:\/\/www.mariengarten.it\/zisterzienserinnen-kloster\/wp-json\/wp\/v2\/pages\/700\/revisions"}],"predecessor-version":[{"id":1818,"href":"https:\/\/www.mariengarten.it\/zisterzienserinnen-kloster\/wp-json\/wp\/v2\/pages\/700\/revisions\/1818"}],"up":[{"embeddable":true,"href":"https:\/\/www.mariengarten.it\/zisterzienserinnen-kloster\/wp-json\/wp\/v2\/pages\/156"}],"wp:attachment":[{"href":"https:\/\/www.mariengarten.it\/zisterzienserinnen-kloster\/wp-json\/wp\/v2\/media?parent=700"}],"curies":[{"name":"wp","href":"https:\/\/api.w.org\/{rel}","templated":true}]}}