{"id":1158,"date":"2018-01-21T08:38:28","date_gmt":"2018-01-21T08:38:28","guid":{"rendered":"http:\/\/www2.mariengarten.it\/zisterzienserinnen-kloster\/?page_id=1158"},"modified":"2018-01-21T08:38:28","modified_gmt":"2018-01-21T08:38:28","slug":"impressum","status":"publish","type":"page","link":"https:\/\/www.mariengarten.it\/zisterzienserinnen-kloster\/impressum\/","title":{"rendered":"Impressum"},"content":{"rendered":"<h3>Herausgeber und Verantwortlich f\u00fcr den Inhalt:<\/h3>\n<p><strong>Zisterzienserinnen-Kloster<\/strong><br \/>\nSchloss-Warth-Weg 31<br \/>\nI-39057 St. Pauls-Eppan<br \/>\nTel.: +39 0471 662 188<br \/>\nFax: +39 0471 660 959<br \/>\n<a href=\"mailto:info@mariengarten.it\">info@mariengarten.it<\/a><br \/>\nMwSt.-Nr. 00412220212<br \/>\nKonto: Raika St. Pauls, IBAN: IT 12 N 08255 58161 000301 004484<\/p>\n<h3>Realisierung:<\/h3>\n<p>Stefan Zuegg<br \/>\nCMS: WordPress<br \/>\nTemplatelizenz: Webful Creations Vision<\/p>\n<h3>Fotonachweise:<\/h3>\n<p>Die Fotos sind im Besitz des Zisterzienserinnen-Klosters.<\/p>\n<h3>Privacy<\/h3>\n<p>Im Sinne des Gesetzvertretenden Dekrets Nr. 196\/2003, nimmt der User zur Kenntnis, dass seine Daten bei seiner Anfrage und\/oder Buchung f\u00fcr die Bearbeitung sowie f\u00fcr Werbung und\/oder andere Informationen \u00fcber unsere Aktivit\u00e4ten oder unserer Partner verwendet werden k\u00f6nnen. Die Daten werden in schriftlicher Form und\/oder mit magnetischer\/elektronischer Hilfe und unter Einhaltung aller Sicherheitsma\u00dfnahmen, die deren Sicherheit und Geheimhaltung gew\u00e4hrleisten, behandelt. Inhaber der Datenverarbeitung ist das Zisterzienserinnen-Kloster. Der Betroffene kann seine Daten jederzeit kontrollieren, berichtigen, erg\u00e4nzen oder l\u00f6schen, indem er an Zisterzienserinnen-Kloster, Schloss-Warth-Weg 31 St. Pauls-Eppan, oder an info@mariengarten.it schreibt.<\/p>\n<h3>Google Analytics \/ Conversion Tracking<\/h3>\n<p>Diese Website benutzt Google Analytics, einen Webanalysedienst der Google Inc. (\u201eGoogle\u201c). Google Analytics verwendet sog. \u201eCookies\u201c, Textdateien, die auf Ihrem Computer gespeichert werden und die eine Analyse der Benutzung der Website durch Sie erm\u00f6glichen. Die durch den Cookie erzeugten Informationen \u00fcber Ihre Benutzung dieser Website (einschlie\u00dflich Ihrer IP-Adresse) wird an einen Server von Google in den USA \u00fcbertragen und dort gespeichert. Google wird diese Informationen benutzen, um Ihre Nutzung der Website auszuwerten, um Reports \u00fcber die Websiteaktivit\u00e4ten f\u00fcr die Websitebetreiber zusammenzustellen und um weitere mit der Websitenutzung und der Internetnutzung verbundene Dienstleistungen zu erbringen. Auch wird Google diese Informationen gegebenenfalls an Dritte \u00fcbertragen, sofern dies gesetzlich vorgeschrieben oder soweit Dritte diese Daten im Auftrag von Google verarbeiten. Google wird in keinem Fall Ihre IP-Adresse mit anderen Daten von Google in Verbindung bringen. Sie k\u00f6nnen die Installation der Cookies durch eine entsprechende Einstellung Ihrer Browser Software verhindern; wir weisen Sie jedoch darauf hin, dass Sie in diesem Fall gegebenenfalls nicht s\u00e4mtliche Funktionen dieser Website vollumf\u00e4nglich nutzen k\u00f6nnen. Durch die Nutzung dieser Website erkl\u00e4ren Sie sich mit der Bearbeitung der \u00fcber Sie erhobenen Daten durch Google in der zuvor beschriebenen Art und Weise und zu dem zuvor benannten Zweck einverstanden.<\/p>\n<h3>Copyright:<\/h3>\n<p>Die auf dieser Seite enthaltenen Texte, Fotos und Informationen sind urheberrechtlich gesch\u00fctzt.<br \/>\n\u00a9 Mariengarten<\/p>\n","protected":false},"excerpt":{"rendered":"<p>Herausgeber und Verantwortlich f\u00fcr den Inhalt: Zisterzienserinnen-Kloster Schloss-Warth-Weg 31 I-39057 St. Pauls-Eppan Tel.: +39 0471 662 188 Fax: +39 0471 660 959 info@mariengarten.it MwSt.-Nr. 00412220212 Konto: Raika St. Pauls, IBAN: IT 12 N 08255 58161 000301 004484 Realisierung: Stefan Zuegg CMS: WordPress Templatelizenz: Webful Creations Vision Fotonachweise: Die Fotos sind [&hellip;]<\/p>\n","protected":false},"author":2,"featured_media":0,"parent":0,"menu_order":0,"comment_status":"closed","ping_status":"closed","template":"","meta":{"footnotes":""},"class_list":["post-1158","page","type-page","status-publish","hentry"],"_links":{"self":[{"href":"https:\/\/www.mariengarten.it\/zisterzienserinnen-kloster\/wp-json\/wp\/v2\/pages\/1158","targetHints":{"allow":["GET"]}}],"collection":[{"href":"https:\/\/www.mariengarten.it\/zisterzienserinnen-kloster\/wp-json\/wp\/v2\/pages"}],"about":[{"href":"https:\/\/www.mariengarten.it\/zisterzienserinnen-kloster\/wp-json\/wp\/v2\/types\/page"}],"author":[{"embeddable":true,"href":"https:\/\/www.mariengarten.it\/zisterzienserinnen-kloster\/wp-json\/wp\/v2\/users\/2"}],"replies":[{"embeddable":true,"href":"https:\/\/www.mariengarten.it\/zisterzienserinnen-kloster\/wp-json\/wp\/v2\/comments?post=1158"}],"version-history":[{"count":1,"href":"https:\/\/www.mariengarten.it\/zisterzienserinnen-kloster\/wp-json\/wp\/v2\/pages\/1158\/revisions"}],"predecessor-version":[{"id":1159,"href":"https:\/\/www.mariengarten.it\/zisterzienserinnen-kloster\/wp-json\/wp\/v2\/pages\/1158\/revisions\/1159"}],"wp:attachment":[{"href":"https:\/\/www.mariengarten.it\/zisterzienserinnen-kloster\/wp-json\/wp\/v2\/media?parent=1158"}],"curies":[{"name":"wp","href":"https:\/\/api.w.org\/{rel}","templated":true}]}}