{"id":1207,"date":"2017-08-27T12:06:27","date_gmt":"2017-08-27T12:06:27","guid":{"rendered":"http:\/\/www2.mariengarten.it\/internatsschule\/?page_id=1207"},"modified":"2023-02-12T19:54:20","modified_gmt":"2023-02-12T18:54:20","slug":"fuer-die-eltern","status":"publish","type":"page","link":"https:\/\/www.mariengarten.it\/internatsschule\/fuer-die-eltern\/","title":{"rendered":"Informationen f\u00fcr die Eltern"},"content":{"rendered":"<p><div class=\"kc-elm kc-css-736830 kc-row-container module\"><div class=\"wc-row row\"><div class=\"kc-wrap-columns\"><div class=\"kc-elm kc-css-471743 small-12 columns small-12\"><div class=\"kc-col-container\"><div class=\"kc-elm kc-css-394473 kc_shortcode kc_single_image\">\n\n        <img decoding=\"async\" src=\"https:\/\/www.mariengarten.it\/internatsschule\/wp-content\/plugins\/kingcomposer\/assets\/images\/get_start.jpg\" class=\"kc_image_empty\" alt=\"\" \/>    <\/div>\n<div class=\"kc-elm kc-css-250687 kc_text_block\"><\/p>\n<h3>\u00a0<\/h3>\n<h3><strong><em>Es gibt viele gute Gr\u00fcnde, ihrer Tochter einen Internatsaufenthalt in Mariengarten zu erm\u00f6glichen.<\/em><\/strong><br \/><strong><em>Der wichtigste und beste: Ihre Tochter w\u00fcnscht es sich!<\/em><\/strong><\/h3>\n<p>\n<\/div><\/div><\/div><\/div><\/div><\/div><div class=\"kc-elm kc-css-742677 kc-row-container module\"><div class=\"wc-row row\"><div class=\"kc-wrap-columns\"><div class=\"kc-elm kc-css-669547 small-12 columns small-12\"><div class=\"kc-col-container\"><div class=\"kc-elm kc-css-860117 kc_text_block\"><\/p>\n<p>\nZiel unseres Internates ist es, jungen M\u00e4dchen zwischen 10 und 14 Jahren eine gediegene, ganzheitliche Erziehung nach christlichen Grunds\u00e4tzen und eine gr\u00fcndliche schulische Ausbildung zu vermitteln. Die Jugendlichen sollen auf ihr Leben in Kirche und Gesellschaft vorbereitet werden und lernen, frei, selbst\u00e4ndig und verantwortungsbewusst zu urteilen und zu entscheiden. Die uns anvertrauten Sch\u00fclerinnen sind Mittelpunkt des Wirkens und Arbeitens aller Lehrpersonen und Erzieherinnen. Sie sollen erfahren und erleben k\u00f6nnen, dass sie mit all ihren F\u00e4higkeiten, St\u00e4rken aber auch ihren Schw\u00e4chen voll angenommen und respektiert werden. Wir legen gro\u00dfen Wert auf eine gute Zusammenarbeit mit den Eltern.<\/p>\n<h4>Erreichung der Ziele durch beaufsichtigtes Studium mit regelm\u00e4\u00dfiger Hausaufgabenbetreuung:<\/h4>\n<ul>\n<li class=\"bodytext\">kleine, \u00fcberschaubare Gruppen, in denen die Einzelnen als Individuum wahrgenommen, gef\u00f6rdert und gefordert werden<\/li>\n<li>erfahrenes und engagiertes Internatsleitungsteam<\/li>\n<li class=\"bodytext\">aufbauende und kl\u00e4rende Gespr\u00e4che<\/li>\n<li>eine starke Internatsgemeinschaft, die der Einzelnen Kraft, R\u00fcckhalt und\u00a0Geborgenheit gibt und zu Leistungsbereitschaft und Freude am Lernen beitr\u00e4gt<\/li>\n<li class=\"bodytext\">Elternabende bzw. pers\u00f6nlichen Kontakt mit den Eltern<\/li>\n<\/ul>\n<h4>In der Internatsschule Mariengarten wollen wir mehr als nur Bildung vermitteln durch F\u00f6rderung von:<\/h4>\n<ul>\n<li>Verantwortungsbewusstsein f\u00fcr sich selbst und f\u00fcr andere<\/li>\n<li>Gemeinschaftsleben, woraus Freundschaften und Verbindungen entstehen, die oft ein ganzes Leben Bestand haben<\/li>\n<li>Sinnsuche durch gemeinsames Gebet und selbst gestaltete Gottesdienste<\/li>\n<li>Veranstaltungen in- und au\u00dferhalb des Internates: Erntedank, Nikolaus, Advent, Fasching, Kinobesuch, Theater, Tag der offenen T\u00fcr, &#8230;<\/li>\n<li>Gespr\u00e4chen und Diskussionen<\/li>\n<li>sportlichen, handwerklichen und musischen F\u00e4higkeiten und Begabungen<\/li>\n<\/ul>\n<h4>Wir erwarten uns von unseren Sch\u00fclerinnen, dass sie<\/h4>\n<ul>\n<li class=\"bodytext\">freiwillig und gerne in Mariengarten sind<\/li>\n<li>ernstlich bestrebt sind, schulische Leistungen zu erbringen<\/li>\n<li>an religi\u00f6sen Veranstaltungen teilnehmen<\/li>\n<li>sich aktiv f\u00fcr die Gemeinschaft einsetzen und Mitverantwortung \u00fcbernehmen<\/li>\n<li>bereit sind, offen aufeinander zuzugehen<\/li>\n<li>sich im t\u00e4glichen Zusammenleben bem\u00fchen, ihre Talente und Begabungen zu entdecken<\/li>\n<li>Mitverantwortung \u00fcbernehmen (Speisesaaldienst, Weckdienst, &#8230;)<\/li>\n<li class=\"bodytext\">Regeln annehmen und akzeptieren<\/li>\n<\/ul>\n<p>\n<\/div><\/div><\/div><\/div><\/div><\/div><div class=\"kc-elm kc-css-614563 kc-row-container module\"><div class=\"wc-row row\"><div class=\"kc-wrap-columns\"><div class=\"kc-elm kc-css-214221 small-12 columns small-12\"><div class=\"kc-col-container\"><div class=\"kc-elm kc-css-611662 kc_text_block\"><\/p>\n<p>\n<\/div><\/div><\/div><\/div><\/div><\/div><div class=\"kc-elm kc-css-924689 kc-row-container module\"><div class=\"wc-row row\"><div class=\"kc-wrap-columns\"><div class=\"kc-elm kc-css-273428 small-12 columns small-12\"><div class=\"kc-col-container\"><\/div><\/div><\/div><\/div><\/div><\/p>\n","protected":false},"excerpt":{"rendered":"","protected":false},"author":2,"featured_media":0,"parent":0,"menu_order":0,"comment_status":"closed","ping_status":"closed","template":"","meta":{"two_page_speed":[],"footnotes":""},"class_list":["post-1207","page","type-page","status-publish","hentry"],"_links":{"self":[{"href":"https:\/\/www.mariengarten.it\/internatsschule\/wp-json\/wp\/v2\/pages\/1207","targetHints":{"allow":["GET"]}}],"collection":[{"href":"https:\/\/www.mariengarten.it\/internatsschule\/wp-json\/wp\/v2\/pages"}],"about":[{"href":"https:\/\/www.mariengarten.it\/internatsschule\/wp-json\/wp\/v2\/types\/page"}],"author":[{"embeddable":true,"href":"https:\/\/www.mariengarten.it\/internatsschule\/wp-json\/wp\/v2\/users\/2"}],"replies":[{"embeddable":true,"href":"https:\/\/www.mariengarten.it\/internatsschule\/wp-json\/wp\/v2\/comments?post=1207"}],"version-history":[{"count":33,"href":"https:\/\/www.mariengarten.it\/internatsschule\/wp-json\/wp\/v2\/pages\/1207\/revisions"}],"predecessor-version":[{"id":10851,"href":"https:\/\/www.mariengarten.it\/internatsschule\/wp-json\/wp\/v2\/pages\/1207\/revisions\/10851"}],"wp:attachment":[{"href":"https:\/\/www.mariengarten.it\/internatsschule\/wp-json\/wp\/v2\/media?parent=1207"}],"curies":[{"name":"wp","href":"https:\/\/api.w.org\/{rel}","templated":true}]}}