{"id":1064,"date":"2017-08-13T14:49:24","date_gmt":"2017-08-13T14:49:24","guid":{"rendered":"http:\/\/www2.mariengarten.it\/internatsschule\/?page_id=1064"},"modified":"2024-04-26T07:53:51","modified_gmt":"2024-04-26T05:53:51","slug":"leitbild","status":"publish","type":"page","link":"https:\/\/www.mariengarten.it\/internatsschule\/leitbild\/","title":{"rendered":"Leitbild"},"content":{"rendered":"<p><div class=\"kc-elm kc-css-905150 kc-row-container module\"><div class=\"wc-row row\"><div class=\"kc-wrap-columns\"><div class=\"kc-elm kc-css-204849 small-12 columns small-12\"><div class=\"kc-col-container\"><div class=\"kc-elm kc-css-244365 kc_text_block\"><\/p>\n<p><img loading=\"lazy\" decoding=\"async\" class=\"alignnone size-medium\" src=\"http:\/\/www.mariengarten.it\/internatsschule\/wp-content\/uploads\/2023\/02\/3286.jpg\" alt=\"\" width=\"803\" height=\"419\" \/><\/p>\n<p>\n<\/div><div class=\"kc-elm kc-css-426606 kc_text_block\"><\/p>\n<h1>\u00a0<\/h1>\n<h1 class=\"indent\">\u201eIn seiner G\u00fcte zeigt uns der Herr den Weg zum Leben\u201c<\/h1>\n<p><em>(Regel des Heiligen Benedikt, Prolog 20)<\/em><\/p>\n<p>\n<\/div><\/div><\/div><\/div><\/div><\/div><div class=\"kc-elm kc-css-576367 kc-row-container module\"><div class=\"wc-row row\"><div class=\"kc-wrap-columns\"><div class=\"kc-elm kc-css-436562 small-12 columns small-12\"><div class=\"kc-col-container\"><div class=\"kc-elm kc-css-790315 kc_text_block\"><\/p>\n<ol>\n<li>Unsere Internatsschule steht im Dienste unserer Sch\u00fclerInnen. Es liegt uns am Herzen, die Sch\u00fclerInnen zu verantwortungsbewussten und selbst\u00e4ndigen jungen Menschen zu erziehen. Schule verstehen wir als Vorbereitung auf das Leben.<\/li>\n<li>Unsere Internatsschule legt Wert auf individuelle Betreuung. Wir sehen unsere Internatsschule als eine soziale Gemeinschaft, in der verschiedene Bed\u00fcrfnisse und Anliegen zusammen flie\u00dfen. Wir sind bem\u00fcht, negative soziale Einfl\u00fcsse weitgehend abzubauen und Bildungsr\u00fcckst\u00e4nde auszugleichen.<\/li>\n<li>Unsere Internatsschule stellt die Sch\u00fclerInnen in den Mittelpunkt<\/li>\n<li>Unsere Internatsschule baut auf die christlichen Werte der katholischen Kirche. Wir bieten an unserer Schule eine ganzheitliche Erziehung nach christlichen, demokratischen Grunds\u00e4tzen und den gro\u00dfen \u00dcberlieferungen der europ\u00e4ischen Kultur zu verantwortungsbewussten m\u00fcndigen Menschen.<\/li>\n<li>Unsere Internatsschule sieht sich als Vermittlerin von Werten:\n<ul>\n<li>Den Menschen in seiner Ganzheit sehen<\/li>\n<li>Ehrlichkeit und Aufrichtigkeit im Umgang<\/li>\n<li>Achtung und Toleranz gegen\u00fcber anderen Kulturen, Sprachen und Religionen<\/li>\n<li>Hilfsbereitschaft, Offenheit und Gespr\u00e4chsbereitschaft<\/li>\n<li>Teamf\u00e4higkeit, Kommunikationsf\u00e4higkeit, Kritikf\u00e4higkeit<\/li>\n<li>Eingehen auf W\u00fcnsche und Bed\u00fcrfnisse des N\u00e4chsten<\/li>\n<li>Eine positive Einstellung zu Arbeit und Studium<\/li>\n<li>Verantwortungsbewusstsein und Selbstbewusstsein<\/li>\n<li>Respekt vor der Natur in all ihren Erscheinungsformen<\/li>\n<\/ul>\n<\/li>\n<li>Unsere Internatsschule bereitet auf die Arbeitswelt vorUnsere Internatsschule legt Wert auf gr\u00fcndliche schulische Ausbildung und F\u00f6rderung einer ernsthaften Arbeitsmoral.<\/li>\n<li>Unsere Internatsschule lebt vom lebendigen Austausch zwischen Schule, Internat und Kloster.<br \/>Interne Sch\u00fclerinnen begegnen externen Sch\u00fclerInnen, arbeiten mit Lehrpersonen von au\u00dfen sowie mit Schwestern aus dem Kloster zusammen. Diese Vielfalt wirkt sich sehr positiv und konstruktiv auf die einzelnen Sch\u00fclerInnen aus, da der Lebensraum einer Schule auch das Arbeitsklima beeinflusst.<\/li>\n<li>Unsere Internatsschule ist kein reiner Dienstleistungsbetrieb<br \/>Viele ehemalige Sch\u00fcler bezeugen, dass die Erfahrungen, die sie in Mariengarten sammelten, richtungsweisend f\u00fcr ihren Lebensweg waren. Die Internatsschule pflegt die Verbindung mit den ehemaligen Sch\u00fclern auch nach Ende ihrer Schulzeit in Mariengarten durch Briefkontakte und einen j\u00e4hrlichen Rundbrief, der zu einem Treffen einl\u00e4dt.<\/li>\n<li>Unsere Internatsschule sieht die Eltern als Partner in der Erziehung der Sch\u00fclerInnen.<br \/>Eltern und Lehrer unterst\u00fctzen sich gegenseitig und schaffen gemeinsam die Voraussetzungen f\u00fcr eine positive Entwicklung der Kinder.<\/li>\n<\/ol>\n<p>\n<\/div><\/div><\/div><\/div><\/div><\/div><div class=\"kc-elm kc-css-474675 kc-row-container module\"><div class=\"wc-row row\"><div class=\"kc-wrap-columns\"><div class=\"kc-elm kc-css-417921 small-12 columns small-12\"><div class=\"kc-col-container\"><\/div><\/div><\/div><\/div><\/div><\/p>\n","protected":false},"excerpt":{"rendered":"","protected":false},"author":2,"featured_media":0,"parent":0,"menu_order":0,"comment_status":"closed","ping_status":"closed","template":"","meta":{"two_page_speed":[],"footnotes":""},"class_list":["post-1064","page","type-page","status-publish","hentry"],"_links":{"self":[{"href":"https:\/\/www.mariengarten.it\/internatsschule\/wp-json\/wp\/v2\/pages\/1064","targetHints":{"allow":["GET"]}}],"collection":[{"href":"https:\/\/www.mariengarten.it\/internatsschule\/wp-json\/wp\/v2\/pages"}],"about":[{"href":"https:\/\/www.mariengarten.it\/internatsschule\/wp-json\/wp\/v2\/types\/page"}],"author":[{"embeddable":true,"href":"https:\/\/www.mariengarten.it\/internatsschule\/wp-json\/wp\/v2\/users\/2"}],"replies":[{"embeddable":true,"href":"https:\/\/www.mariengarten.it\/internatsschule\/wp-json\/wp\/v2\/comments?post=1064"}],"version-history":[{"count":13,"href":"https:\/\/www.mariengarten.it\/internatsschule\/wp-json\/wp\/v2\/pages\/1064\/revisions"}],"predecessor-version":[{"id":13100,"href":"https:\/\/www.mariengarten.it\/internatsschule\/wp-json\/wp\/v2\/pages\/1064\/revisions\/13100"}],"wp:attachment":[{"href":"https:\/\/www.mariengarten.it\/internatsschule\/wp-json\/wp\/v2\/media?parent=1064"}],"curies":[{"name":"wp","href":"https:\/\/api.w.org\/{rel}","templated":true}]}}